{"id":3,"date":"2025-01-16T13:20:21","date_gmt":"2025-01-16T13:20:21","guid":{"rendered":"https:\/\/houseofotoko.com\/?page_id=3"},"modified":"2026-01-06T14:40:43","modified_gmt":"2026-01-06T14:40:43","slug":"privacy-policy","status":"publish","type":"page","link":"https:\/\/houseofotoko.com\/de\/privacy-policy\/","title":{"rendered":"Datenschutzbestimmungen"},"content":{"rendered":"<div class=\"wp-block-cover\"><img loading=\"lazy\" decoding=\"async\" width=\"683\" height=\"1024\" class=\"wp-block-cover__image-background wp-image-1070 size-large\" alt=\"\" src=\"https:\/\/houseofotoko.com\/wp-content\/uploads\/2025\/06\/image-1-683x1024.jpg\" style=\"object-position:61% 37%\" data-object-fit=\"cover\" data-object-position=\"61% 37%\" srcset=\"https:\/\/houseofotoko.com\/wp-content\/uploads\/2025\/06\/image-1-683x1024.jpg 683w, https:\/\/houseofotoko.com\/wp-content\/uploads\/2025\/06\/image-1-200x300.jpg 200w, https:\/\/houseofotoko.com\/wp-content\/uploads\/2025\/06\/image-1-768x1152.jpg 768w, https:\/\/houseofotoko.com\/wp-content\/uploads\/2025\/06\/image-1-1024x1536.jpg 1024w, https:\/\/houseofotoko.com\/wp-content\/uploads\/2025\/06\/image-1-8x12.jpg 8w, https:\/\/houseofotoko.com\/wp-content\/uploads\/2025\/06\/image-1-600x900.jpg 600w, https:\/\/houseofotoko.com\/wp-content\/uploads\/2025\/06\/image-1.jpg 1080w\" sizes=\"auto, (max-width: 683px) 100vw, 683px\" \/><span aria-hidden=\"true\" class=\"wp-block-cover__background has-background-dim-30 has-background-dim\" style=\"background-color:#767879\"><\/span><div class=\"wp-block-cover__inner-container is-layout-flow wp-block-cover-is-layout-flow\">\n<p class=\"has-text-align-center has-nv-site-bg-color has-text-color has-link-color has-large-font-size wp-elements-1ca3fc018538f5a64ef5f362fb560f69\"><strong>Datenschutzbestimmungen<\/strong><\/p>\n<\/div><\/div>\n\n\n\n<p><\/p>\n\n\n\n<div style=\"height:30px\" aria-hidden=\"true\" class=\"wp-block-spacer\"><\/div>\n\n\n\n<div class=\"nv-cv-m wp-block-group alignwide\"><div class=\"wp-block-group__inner-container is-layout-constrained wp-block-group-is-layout-constrained\">\n<p><strong>Datenschutzerkl\u00e4rung - House of Otoko<\/strong><\/p>\n\n\n\n<p><strong>Einf\u00fchrung<\/strong><\/p>\n\n\n\n<p>Willkommen bei House of Otoko. Wir sch\u00e4tzen Ihre Privatsph\u00e4re sehr und verpflichten uns, Ihre pers\u00f6nlichen Daten zu sch\u00fctzen. Diese Datenschutzerkl\u00e4rung erkl\u00e4rt, wie wir Ihre pers\u00f6nlichen Daten sammeln, verwenden, speichern und sch\u00fctzen.<\/p>\n\n\n\n<hr class=\"wp-block-separator has-alpha-channel-opacity\"\/>\n\n\n\n<p><strong>Wer sind wir?<\/strong><\/p>\n\n\n\n<p>House of Otoko, mit Sitz in den Niederlanden, ist verantwortlich f\u00fcr die Verarbeitung Ihrer pers\u00f6nlichen Daten, wie in dieser Datenschutzerkl\u00e4rung beschrieben.<\/p>\n\n\n\n<hr class=\"wp-block-separator has-alpha-channel-opacity\"\/>\n\n\n\n<p><strong>Welche Daten sammeln wir?<\/strong><\/p>\n\n\n\n<p>Wir k\u00f6nnen die folgenden personenbezogenen Daten erfassen:<\/p>\n\n\n\n<ul class=\"wp-block-list\">\n<li>Name und Kontaktinformationen wie E-Mail-Adresse, Telefonnummer und Postanschrift<\/li>\n\n\n\n<li>Zahlungsdaten wie z. B. Bankkontoinformationen<\/li>\n\n\n\n<li>Kontodaten wie Benutzername und Passwort<\/li>\n\n\n\n<li>Bestellhistorie und Kaufinformationen<\/li>\n\n\n\n<li>IP-Adresse und Informationen \u00fcber Ihre Aktivit\u00e4ten auf unserer Website<\/li>\n\n\n\n<li>Durch Cookies und \u00e4hnliche Technologien gewonnene Daten<\/li>\n<\/ul>\n\n\n\n<hr class=\"wp-block-separator has-alpha-channel-opacity\"\/>\n\n\n\n<p><strong>Wie verwenden wir Ihre Daten?<\/strong><\/p>\n\n\n\n<p>Wir verwenden Ihre personenbezogenen Daten f\u00fcr die folgenden Zwecke:<\/p>\n\n\n\n<ul class=\"wp-block-list\">\n<li>Bearbeitung und Zustellung Ihrer Bestellung<\/li>\n\n\n\n<li>Abwicklung von Zahlungen<\/li>\n\n\n\n<li>Versand von Newslettern, wenn Sie diese abonniert haben<\/li>\n\n\n\n<li>Verbesserung unserer Website und der Benutzerfreundlichkeit<\/li>\n\n\n\n<li>Einhaltung der rechtlichen Verpflichtungen<\/li>\n<\/ul>\n\n\n\n<hr class=\"wp-block-separator has-alpha-channel-opacity\"\/>\n\n\n\n<p><strong>Cookies und \u00e4hnliche Technologien<\/strong><\/p>\n\n\n\n<p>Unsere Website verwendet Cookies, um die Funktionalit\u00e4t zu verbessern und Ihre Benutzererfahrung zu optimieren. Wir verwenden:<\/p>\n\n\n\n<ul class=\"wp-block-list\">\n<li>Funktionale Cookies f\u00fcr den grundlegenden Betrieb der Website<\/li>\n\n\n\n<li>Analytische Cookies, um Einblick in die Nutzung der Website zu erhalten<\/li>\n\n\n\n<li>Marketing-Cookies f\u00fcr personalisierte Werbung, sofern zutreffend<\/li>\n<\/ul>\n\n\n\n<p>Sie k\u00f6nnen Ihre Cookie-Pr\u00e4ferenzen \u00fcber unser Cookie-Banner oder \u00fcber Ihre Browsereinstellungen verwalten.<\/p>\n\n\n\n<hr class=\"wp-block-separator has-alpha-channel-opacity\"\/>\n\n\n\n<p><strong>Newsletter<\/strong><\/p>\n\n\n\n<p>Wenn Sie sich f\u00fcr unseren Newsletter anmelden, verwenden wir Ihre E-Mail-Adresse, um Sie \u00fcber Angebote, Neuigkeiten und Aktionen zu informieren. Sie k\u00f6nnen den Newsletter jederzeit \u00fcber den in jedem Newsletter enthaltenen Abmeldelink abbestellen.<\/p>\n\n\n\n<hr class=\"wp-block-separator has-alpha-channel-opacity\"\/>\n\n\n\n<p><strong>Weitergabe von Daten an Dritte<\/strong><\/p>\n\n\n\n<p>Wir geben Ihre personenbezogenen Daten nur dann an Dritte weiter, wenn dies erforderlich ist, zum Beispiel an:<\/p>\n\n\n\n<ul class=\"wp-block-list\">\n<li>Zahlungsanbieter wie Mollie oder PayPal<\/li>\n\n\n\n<li>Zustelldienste wie PostNL oder DHL<\/li>\n\n\n\n<li>Softwareanbieter, die unsere Website unterst\u00fctzen<\/li>\n<\/ul>\n\n\n\n<p>Wir haben mit diesen Parteien Datenverarbeitungsvertr\u00e4ge abgeschlossen, um den Schutz Ihrer Daten zu gew\u00e4hrleisten.<\/p>\n\n\n\n<hr class=\"wp-block-separator has-alpha-channel-opacity\"\/>\n\n\n\n<p><strong>Soziale Medien<\/strong><\/p>\n\n\n\n<p>Wenn Sie Facebook-, Twitter-, Pinterest- oder Instagram-Schaltfl\u00e4chen verwenden, k\u00f6nnen Informationen an diese Plattformen weitergegeben werden. Die Nutzung dieser Schaltfl\u00e4chen erfolgt auf Ihr eigenes Risiko und unterliegt den Datenschutzrichtlinien der jeweiligen Plattformen.<\/p>\n\n\n\n<hr class=\"wp-block-separator has-alpha-channel-opacity\"\/>\n\n\n\n<p><strong>Wie sch\u00fctzen wir Ihre Daten?<\/strong><\/p>\n\n\n\n<p>Wir treffen geeignete technische und organisatorische Ma\u00dfnahmen, um Ihre personenbezogenen Daten vor Verlust, unberechtigtem Zugriff oder unrechtm\u00e4\u00dfiger Verarbeitung zu sch\u00fctzen.<\/p>\n\n\n\n<hr class=\"wp-block-separator has-alpha-channel-opacity\"\/>\n\n\n\n<p><strong>Ihre Rechte<\/strong><\/p>\n\n\n\n<p>Sie haben das Recht dazu:<\/p>\n\n\n\n<ul class=\"wp-block-list\">\n<li>Zugang zu Ihren pers\u00f6nlichen Daten<\/li>\n\n\n\n<li>Falsche Daten berichtigen lassen<\/li>\n\n\n\n<li>Ihre pers\u00f6nlichen Daten l\u00f6schen lassen<\/li>\n\n\n\n<li>Widerspruch gegen bestimmte Datenverarbeitungsvorg\u00e4nge<\/li>\n<\/ul>\n\n\n\n<hr class=\"wp-block-separator has-alpha-channel-opacity\"\/>\n\n\n\n<p><strong>Kontakt<\/strong><\/p>\n\n\n\n<p>Bei Fragen oder W\u00fcnschen zu dieser Datenschutzrichtlinie k\u00f6nnen Sie sich an uns wenden:<\/p>\n\n\n\n<p>House of Otoko<br>E-Mail: <a href=\"mailto:info@houseofotoko.com\" target=\"_blank\" rel=\"noreferrer noopener\">info@houseofotoko.com<\/a><br>Telefon: +31 7510940<\/p>\n\n\n\n<hr class=\"wp-block-separator has-alpha-channel-opacity\"\/>\n\n\n\n<p><strong>\u00c4nderungen an dieser Datenschutzrichtlinie<\/strong><\/p>\n\n\n\n<p>Wir behalten uns das Recht vor, diese Datenschutzrichtlinie zu \u00e4ndern. Wir empfehlen, diese Seite regelm\u00e4\u00dfig auf Aktualisierungen zu \u00fcberpr\u00fcfen.<\/p>\n\n\n\n<hr class=\"wp-block-separator has-alpha-channel-opacity\"\/>\n\n\n\n<p><strong>Zuletzt aktualisiert: 21 Januar 2025<\/strong><\/p>\n<\/div><\/div>","protected":false},"excerpt":{"rendered":"<p>Privacy Policy &#8211; House of Otoko Introduction Welcome to House of Otoko. We highly value your privacy and are committed to protecting your personal data. This privacy policy explains how we collect, use, store, and protect your personal information. Who Are We House of Otoko, established in the Netherlands, is responsible for the processing of&hellip;&nbsp;<a href=\"https:\/\/houseofotoko.com\/de\/privacy-policy\/\" rel=\"bookmark\">Weiterlesen \u00bb<span class=\"screen-reader-text\">Datenschutzbestimmungen<\/span><\/a><\/p>","protected":false},"author":1,"featured_media":0,"parent":0,"menu_order":0,"comment_status":"closed","ping_status":"open","template":"","meta":{"neve_meta_sidebar":"full-width","neve_meta_container":"default","neve_meta_enable_content_width":"","neve_meta_content_width":0,"neve_meta_title_alignment":"","neve_meta_author_avatar":"","neve_post_elements_order":"","neve_meta_disable_header":"","neve_meta_disable_footer":"","neve_meta_disable_title":"","neve_meta_reading_time":"","_themeisle_gutenberg_block_has_review":false,"footnotes":""},"class_list":["post-3","page","type-page","status-publish","hentry"],"yoast_head":"<!-- This site is optimized with the Yoast SEO plugin v27.4 - https:\/\/yoast.com\/product\/yoast-seo-wordpress\/ -->\n<title>Privacy Policy - House of Otoko<\/title>\n<meta name=\"description\" content=\"House of Otoko\" \/>\n<meta name=\"robots\" content=\"index, follow, max-snippet:-1, max-image-preview:large, max-video-preview:-1\" \/>\n<link rel=\"canonical\" href=\"https:\/\/houseofotoko.com\/de\/privacy-policy\/\" \/>\n<meta property=\"og:locale\" content=\"de_DE\" \/>\n<meta property=\"og:type\" content=\"article\" \/>\n<meta property=\"og:title\" content=\"Privacy Policy - House of Otoko\" \/>\n<meta property=\"og:description\" content=\"House of Otoko\" \/>\n<meta property=\"og:url\" content=\"https:\/\/houseofotoko.com\/de\/privacy-policy\/\" \/>\n<meta property=\"og:site_name\" content=\"House of Otoko\" \/>\n<meta property=\"article:modified_time\" content=\"2026-01-06T14:40:43+00:00\" \/>\n<meta property=\"og:image\" content=\"https:\/\/houseofotoko.com\/wp-content\/uploads\/2025\/06\/image-1.jpg\" \/>\n\t<meta property=\"og:image:width\" content=\"1080\" \/>\n\t<meta property=\"og:image:height\" content=\"1620\" \/>\n\t<meta property=\"og:image:type\" content=\"image\/jpeg\" \/>\n<meta name=\"twitter:card\" content=\"summary_large_image\" \/>\n<meta name=\"twitter:label1\" content=\"Gesch\u00e4tzte Lesezeit\" \/>\n\t<meta name=\"twitter:data1\" content=\"3\u00a0Minuten\" \/>\n<script type=\"application\/ld+json\" class=\"yoast-schema-graph\">{\"@context\":\"https:\\\/\\\/schema.org\",\"@graph\":[{\"@type\":\"WebPage\",\"@id\":\"https:\\\/\\\/houseofotoko.com\\\/privacy-policy\\\/\",\"url\":\"https:\\\/\\\/houseofotoko.com\\\/privacy-policy\\\/\",\"name\":\"Privacy Policy - House of Otoko\",\"isPartOf\":{\"@id\":\"https:\\\/\\\/houseofotoko.com\\\/#website\"},\"primaryImageOfPage\":{\"@id\":\"https:\\\/\\\/houseofotoko.com\\\/privacy-policy\\\/#primaryimage\"},\"image\":{\"@id\":\"https:\\\/\\\/houseofotoko.com\\\/privacy-policy\\\/#primaryimage\"},\"thumbnailUrl\":\"https:\\\/\\\/houseofotoko.com\\\/wp-content\\\/uploads\\\/2025\\\/06\\\/image-1-683x1024.jpg\",\"datePublished\":\"2025-01-16T13:20:21+00:00\",\"dateModified\":\"2026-01-06T14:40:43+00:00\",\"description\":\"House of Otoko\",\"breadcrumb\":{\"@id\":\"https:\\\/\\\/houseofotoko.com\\\/privacy-policy\\\/#breadcrumb\"},\"inLanguage\":\"de\",\"potentialAction\":[{\"@type\":\"ReadAction\",\"target\":[\"https:\\\/\\\/houseofotoko.com\\\/privacy-policy\\\/\"]}]},{\"@type\":\"ImageObject\",\"inLanguage\":\"de\",\"@id\":\"https:\\\/\\\/houseofotoko.com\\\/privacy-policy\\\/#primaryimage\",\"url\":\"https:\\\/\\\/houseofotoko.com\\\/wp-content\\\/uploads\\\/2025\\\/06\\\/image-1-683x1024.jpg\",\"contentUrl\":\"https:\\\/\\\/houseofotoko.com\\\/wp-content\\\/uploads\\\/2025\\\/06\\\/image-1-683x1024.jpg\"},{\"@type\":\"BreadcrumbList\",\"@id\":\"https:\\\/\\\/houseofotoko.com\\\/privacy-policy\\\/#breadcrumb\",\"itemListElement\":[{\"@type\":\"ListItem\",\"position\":1,\"name\":\"Home\",\"item\":\"https:\\\/\\\/houseofotoko.com\\\/\"},{\"@type\":\"ListItem\",\"position\":2,\"name\":\"Privacy Policy\"}]},{\"@type\":\"WebSite\",\"@id\":\"https:\\\/\\\/houseofotoko.com\\\/#website\",\"url\":\"https:\\\/\\\/houseofotoko.com\\\/\",\"name\":\"House of Otoko\",\"description\":\"\",\"publisher\":{\"@id\":\"https:\\\/\\\/houseofotoko.com\\\/#organization\"},\"potentialAction\":[{\"@type\":\"SearchAction\",\"target\":{\"@type\":\"EntryPoint\",\"urlTemplate\":\"https:\\\/\\\/houseofotoko.com\\\/?s={search_term_string}\"},\"query-input\":{\"@type\":\"PropertyValueSpecification\",\"valueRequired\":true,\"valueName\":\"search_term_string\"}}],\"inLanguage\":\"de\"},{\"@type\":\"Organization\",\"@id\":\"https:\\\/\\\/houseofotoko.com\\\/#organization\",\"name\":\"House of Otoko\",\"url\":\"https:\\\/\\\/houseofotoko.com\\\/\",\"logo\":{\"@type\":\"ImageObject\",\"inLanguage\":\"de\",\"@id\":\"https:\\\/\\\/houseofotoko.com\\\/#\\\/schema\\\/logo\\\/image\\\/\",\"url\":\"https:\\\/\\\/mlfln9ez57ke.i.optimole.com\\\/w:1123\\\/h:1038\\\/q:mauto\\\/f:best\\\/ig:avif\\\/https:\\\/\\\/houseofotoko.com\\\/wp-content\\\/uploads\\\/2025\\\/01\\\/LOGO-PNG-1.png\",\"contentUrl\":\"https:\\\/\\\/mlfln9ez57ke.i.optimole.com\\\/w:1123\\\/h:1038\\\/q:mauto\\\/f:best\\\/ig:avif\\\/https:\\\/\\\/houseofotoko.com\\\/wp-content\\\/uploads\\\/2025\\\/01\\\/LOGO-PNG-1.png\",\"width\":1123,\"height\":1038,\"caption\":\"House of Otoko\"},\"image\":{\"@id\":\"https:\\\/\\\/houseofotoko.com\\\/#\\\/schema\\\/logo\\\/image\\\/\"},\"sameAs\":[\"https:\\\/\\\/www.instagram.com\\\/houseofotoko\\\/\"]}]}<\/script>\n<!-- \/ Yoast SEO plugin. -->","yoast_head_json":{"title":"Privacy Policy - House of Otoko","description":"House of Otoko","robots":{"index":"index","follow":"follow","max-snippet":"max-snippet:-1","max-image-preview":"max-image-preview:large","max-video-preview":"max-video-preview:-1"},"canonical":"https:\/\/houseofotoko.com\/de\/privacy-policy\/","og_locale":"de_DE","og_type":"article","og_title":"Privacy Policy - House of Otoko","og_description":"House of Otoko","og_url":"https:\/\/houseofotoko.com\/de\/privacy-policy\/","og_site_name":"House of Otoko","article_modified_time":"2026-01-06T14:40:43+00:00","og_image":[{"width":1080,"height":1620,"url":"https:\/\/houseofotoko.com\/wp-content\/uploads\/2025\/06\/image-1.jpg","type":"image\/jpeg"}],"twitter_card":"summary_large_image","twitter_misc":{"Gesch\u00e4tzte Lesezeit":"3\u00a0Minuten"},"schema":{"@context":"https:\/\/schema.org","@graph":[{"@type":"WebPage","@id":"https:\/\/houseofotoko.com\/privacy-policy\/","url":"https:\/\/houseofotoko.com\/privacy-policy\/","name":"Privacy Policy - House of Otoko","isPartOf":{"@id":"https:\/\/houseofotoko.com\/#website"},"primaryImageOfPage":{"@id":"https:\/\/houseofotoko.com\/privacy-policy\/#primaryimage"},"image":{"@id":"https:\/\/houseofotoko.com\/privacy-policy\/#primaryimage"},"thumbnailUrl":"https:\/\/houseofotoko.com\/wp-content\/uploads\/2025\/06\/image-1-683x1024.jpg","datePublished":"2025-01-16T13:20:21+00:00","dateModified":"2026-01-06T14:40:43+00:00","description":"House of Otoko","breadcrumb":{"@id":"https:\/\/houseofotoko.com\/privacy-policy\/#breadcrumb"},"inLanguage":"de","potentialAction":[{"@type":"ReadAction","target":["https:\/\/houseofotoko.com\/privacy-policy\/"]}]},{"@type":"ImageObject","inLanguage":"de","@id":"https:\/\/houseofotoko.com\/privacy-policy\/#primaryimage","url":"https:\/\/houseofotoko.com\/wp-content\/uploads\/2025\/06\/image-1-683x1024.jpg","contentUrl":"https:\/\/houseofotoko.com\/wp-content\/uploads\/2025\/06\/image-1-683x1024.jpg"},{"@type":"BreadcrumbList","@id":"https:\/\/houseofotoko.com\/privacy-policy\/#breadcrumb","itemListElement":[{"@type":"ListItem","position":1,"name":"Home","item":"https:\/\/houseofotoko.com\/"},{"@type":"ListItem","position":2,"name":"Privacy Policy"}]},{"@type":"WebSite","@id":"https:\/\/houseofotoko.com\/#website","url":"https:\/\/houseofotoko.com\/","name":"House of Otoko","description":"","publisher":{"@id":"https:\/\/houseofotoko.com\/#organization"},"potentialAction":[{"@type":"SearchAction","target":{"@type":"EntryPoint","urlTemplate":"https:\/\/houseofotoko.com\/?s={search_term_string}"},"query-input":{"@type":"PropertyValueSpecification","valueRequired":true,"valueName":"search_term_string"}}],"inLanguage":"de"},{"@type":"Organization","@id":"https:\/\/houseofotoko.com\/#organization","name":"House of Otoko","url":"https:\/\/houseofotoko.com\/","logo":{"@type":"ImageObject","inLanguage":"de","@id":"https:\/\/houseofotoko.com\/#\/schema\/logo\/image\/","url":"https:\/\/mlfln9ez57ke.i.optimole.com\/w:1123\/h:1038\/q:mauto\/f:best\/ig:avif\/https:\/\/houseofotoko.com\/wp-content\/uploads\/2025\/01\/LOGO-PNG-1.png","contentUrl":"https:\/\/mlfln9ez57ke.i.optimole.com\/w:1123\/h:1038\/q:mauto\/f:best\/ig:avif\/https:\/\/houseofotoko.com\/wp-content\/uploads\/2025\/01\/LOGO-PNG-1.png","width":1123,"height":1038,"caption":"House of Otoko"},"image":{"@id":"https:\/\/houseofotoko.com\/#\/schema\/logo\/image\/"},"sameAs":["https:\/\/www.instagram.com\/houseofotoko\/"]}]}},"_links":{"self":[{"href":"https:\/\/houseofotoko.com\/de\/wp-json\/wp\/v2\/pages\/3","targetHints":{"allow":["GET"]}}],"collection":[{"href":"https:\/\/houseofotoko.com\/de\/wp-json\/wp\/v2\/pages"}],"about":[{"href":"https:\/\/houseofotoko.com\/de\/wp-json\/wp\/v2\/types\/page"}],"author":[{"embeddable":true,"href":"https:\/\/houseofotoko.com\/de\/wp-json\/wp\/v2\/users\/1"}],"replies":[{"embeddable":true,"href":"https:\/\/houseofotoko.com\/de\/wp-json\/wp\/v2\/comments?post=3"}],"version-history":[{"count":12,"href":"https:\/\/houseofotoko.com\/de\/wp-json\/wp\/v2\/pages\/3\/revisions"}],"predecessor-version":[{"id":1420,"href":"https:\/\/houseofotoko.com\/de\/wp-json\/wp\/v2\/pages\/3\/revisions\/1420"}],"wp:attachment":[{"href":"https:\/\/houseofotoko.com\/de\/wp-json\/wp\/v2\/media?parent=3"}],"curies":[{"name":"wp","href":"https:\/\/api.w.org\/{rel}","templated":true}]}}