{"id":17,"date":"2025-01-21T14:19:58","date_gmt":"2025-01-21T14:19:58","guid":{"rendered":"https:\/\/houseofotoko.com\/?page_id=17"},"modified":"2026-01-06T14:57:55","modified_gmt":"2026-01-06T14:57:55","slug":"returns","status":"publish","type":"page","link":"https:\/\/houseofotoko.com\/de\/returns\/","title":{"rendered":"R\u00fcckgabe"},"content":{"rendered":"<div class=\"wp-block-cover\" style=\"min-height:350px;aspect-ratio:unset;\"><img loading=\"lazy\" decoding=\"async\" width=\"1024\" height=\"779\" class=\"wp-block-cover__image-background wp-image-1412 size-full\" alt=\"\" src=\"https:\/\/houseofotoko.com\/wp-content\/uploads\/2026\/01\/czNmcy1wcml2YXRlL3Jhd3BpeGVsX2ltYWdlcy93ZWJzaXRlX2NvbnRlbnQvbHIvbG9jMjAxNzgxNTkxMi1pbWFnZS5qcGc.webp\" style=\"object-position:55% 62%\" data-object-fit=\"cover\" data-object-position=\"55% 62%\" srcset=\"https:\/\/houseofotoko.com\/wp-content\/uploads\/2026\/01\/czNmcy1wcml2YXRlL3Jhd3BpeGVsX2ltYWdlcy93ZWJzaXRlX2NvbnRlbnQvbHIvbG9jMjAxNzgxNTkxMi1pbWFnZS5qcGc.webp 1024w, https:\/\/houseofotoko.com\/wp-content\/uploads\/2026\/01\/czNmcy1wcml2YXRlL3Jhd3BpeGVsX2ltYWdlcy93ZWJzaXRlX2NvbnRlbnQvbHIvbG9jMjAxNzgxNTkxMi1pbWFnZS5qcGc-300x228.webp 300w, https:\/\/houseofotoko.com\/wp-content\/uploads\/2026\/01\/czNmcy1wcml2YXRlL3Jhd3BpeGVsX2ltYWdlcy93ZWJzaXRlX2NvbnRlbnQvbHIvbG9jMjAxNzgxNTkxMi1pbWFnZS5qcGc-768x584.webp 768w, https:\/\/houseofotoko.com\/wp-content\/uploads\/2026\/01\/czNmcy1wcml2YXRlL3Jhd3BpeGVsX2ltYWdlcy93ZWJzaXRlX2NvbnRlbnQvbHIvbG9jMjAxNzgxNTkxMi1pbWFnZS5qcGc-16x12.webp 16w, https:\/\/houseofotoko.com\/wp-content\/uploads\/2026\/01\/czNmcy1wcml2YXRlL3Jhd3BpeGVsX2ltYWdlcy93ZWJzaXRlX2NvbnRlbnQvbHIvbG9jMjAxNzgxNTkxMi1pbWFnZS5qcGc-600x456.webp 600w\" sizes=\"auto, (max-width: 1024px) 100vw, 1024px\" \/><span aria-hidden=\"true\" class=\"wp-block-cover__background has-background-dim-30 has-background-dim\" style=\"background-color:#7c7c7c\"><\/span><div class=\"wp-block-cover__inner-container is-layout-flow wp-block-cover-is-layout-flow\">\n<p class=\"has-text-align-center has-nv-site-bg-color has-text-color has-link-color has-large-font-size wp-elements-1a5c086fb169087eb46eb02ec30edde1\"><strong>R\u00fcckerstattung und R\u00fcckgabe<\/strong><\/p>\n<\/div><\/div>\n\n\n\n<div class=\"wp-block-group alignwide\"><div class=\"wp-block-group__inner-container is-layout-constrained wp-block-group-is-layout-constrained\">\n<p><\/p>\n\n\n\n<p><strong>R\u00fcckerstattung und R\u00fcckgabe<\/strong><\/p>\n\n\n\n<p>Bei House of Otoko stehen wir hinter der Qualit\u00e4t unserer Produkte und bem\u00fchen uns, die Zufriedenheit unserer Kunden zu gew\u00e4hrleisten. Wenn Sie aus irgendeinem Grund mit Ihrem Kauf nicht zufrieden sind und einen Artikel zur\u00fcckgeben m\u00f6chten, lesen Sie bitte unsere R\u00fcckerstattungs- und R\u00fcckgabebedingungen unten.<\/p>\n\n\n\n<hr class=\"wp-block-separator has-alpha-channel-opacity\"\/>\n\n\n\n<p><strong>R\u00fccktrittsrecht<\/strong> Gem\u00e4\u00df dem europ\u00e4ischen Verbraucherrecht und wie in unseren Allgemeinen Gesch\u00e4ftsbedingungen angegeben, haben Kunden innerhalb der Europ\u00e4ischen Union das Recht, den Vertrag innerhalb einer Bedenkzeit von 14 Tagen ohne Angabe von Gr\u00fcnden zu widerrufen. Die Widerrufsfrist beginnt an dem Tag, nachdem der Verbraucher oder ein vom Verbraucher benannter Dritter das Produkt erhalten hat.<\/p>\n\n\n\n<div class=\"wp-block-group\"><div class=\"wp-block-group__inner-container is-layout-constrained wp-block-group-is-layout-constrained\">\n<p><strong>R\u00fcckgabeverfahren<\/strong> Um das Widerrufsrecht auszu\u00fcben, muss der Verbraucher House of Otoko innerhalb der Widerrufsfrist unter folgender Adresse informieren <a href=\"mailto:info@houseofotoko.com\">info@houseofotoko.com.<\/a> Nach der Benachrichtigung erh\u00e4lt der Verbraucher Anweisungen f\u00fcr die R\u00fcckgabe und einen Hinweis auf die R\u00fcckgabeberechtigung.<\/p>\n<\/div><\/div>\n\n\n\n<p><strong>Bedingungen f\u00fcr R\u00fccksendungen<\/strong><\/p>\n\n\n\n<ul class=\"wp-block-list\">\n<li>Das Produkt muss innerhalb von 30 Tagen nach Erhalt gem\u00e4\u00df unserem internen R\u00fcckgabeverfahren zur\u00fcckgegeben werden.<\/li>\n\n\n\n<li>Die Kosten f\u00fcr die R\u00fccksendung gehen zu Lasten des Verbrauchers, wie in Artikel 8 unserer Allgemeinen Gesch\u00e4ftsbedingungen angegeben.<\/li>\n\n\n\n<li>Die Artikel werden nur angenommen, wenn sie sich im Originalzustand befinden, unbenutzt, ungetragen und in der Originalverpackung, einschlie\u00dflich des mitgelieferten Zubeh\u00f6rs.<\/li>\n\n\n\n<li>Der R\u00fccksendung muss eine Kopie des Packzettels beigelegt werden.<\/li>\n\n\n\n<li>Alle R\u00fccksendungen erfolgen auf eigenes Risiko des Verbrauchers.<\/li>\n\n\n\n<li>Die Bearbeitung einer R\u00fccksendung kann bis zu 10 Arbeitstage nach Erhalt dauern.<\/li>\n<\/ul>\n\n\n\n<p><strong>Bitte beachten:<\/strong> Produkte, die nach Kundenspezifikationen angefertigt wurden, sind vom Widerrufsrecht ausgeschlossen und k\u00f6nnen nicht zur\u00fcckgegeben werden. Wenn Sie sich nicht sicher sind, ob Ihr Produkt die Voraussetzungen erf\u00fcllt, kontaktieren Sie uns bitte, bevor Sie eine Bestellung aufgeben oder zur\u00fccksenden.<\/p>\n\n\n\n<div class=\"wp-block-group is-vertical is-layout-flex wp-container-core-group-is-layout-8cf370e7 wp-block-group-is-layout-flex\">\n<p><strong>Erstattungen<\/strong> Nach Erhalt und Pr\u00fcfung der zur\u00fcckgesandten Ware erstattet House of Otoko alle vom Verbraucher geleisteten Zahlungen, einschlie\u00dflich der Standardkosten f\u00fcr den Versand, unverz\u00fcglich und sp\u00e4testens innerhalb von 14 Tagen nach Erhalt der zur\u00fcckgesandten Ware oder des R\u00fccksendebelegs.<\/p>\n\n\n\n<p>F\u00fcr diese R\u00fcckzahlung verwenden wir dasselbe Zahlungsmittel, das Sie bei der urspr\u00fcnglichen Transaktion eingesetzt haben. Zus\u00e4tzliche Kosten, die durch eine andere Versandart als die von House of Otoko angebotene g\u00fcnstigste Standardversandart entstehen, werden nicht erstattet. Wenn das zur\u00fcckgegebene Produkt Gebrauchsspuren aufweist oder nicht im Originalzustand zur\u00fcckgegeben wird, kann eine Wertminderung vorgenommen werden, die zu einer teilweisen R\u00fcckerstattung f\u00fchrt.<\/p>\n<\/div>\n\n\n\n<p><strong>Kontakt<\/strong> Wenn Sie Fragen zu dieser Erstattungs- und R\u00fcckgabepolitik oder zur Aus\u00fcbung Ihres Widerrufsrechts haben, wenden Sie sich bitte an uns unter <a href=\"mailto:info@houseofotoko.com\">info@houseofotoko.com.<\/a><\/p>\n\n\n\n<p><\/p>\n<\/div><\/div>","protected":false},"excerpt":{"rendered":"<p>Refund and Return Policy At House of Otoko, we stand behind the quality of our products and strive to ensure complete customer satisfaction. If for any reason you are not satisfied with your purchase and wish to return an item, please review our refund and return policy below. Right of Withdrawal In accordance with European&hellip;&nbsp;<a href=\"https:\/\/houseofotoko.com\/de\/returns\/\" rel=\"bookmark\">Weiterlesen \u00bb<span class=\"screen-reader-text\">R\u00fcckgabe<\/span><\/a><\/p>","protected":false},"author":1,"featured_media":0,"parent":0,"menu_order":0,"comment_status":"closed","ping_status":"closed","template":"","meta":{"neve_meta_sidebar":"full-width","neve_meta_container":"","neve_meta_enable_content_width":"","neve_meta_content_width":0,"neve_meta_title_alignment":"","neve_meta_author_avatar":"","neve_post_elements_order":"","neve_meta_disable_header":"","neve_meta_disable_footer":"","neve_meta_disable_title":"","neve_meta_reading_time":"","_themeisle_gutenberg_block_has_review":false,"footnotes":""},"class_list":["post-17","page","type-page","status-publish","hentry"],"yoast_head":"<!-- This site is optimized with the Yoast SEO plugin v27.4 - https:\/\/yoast.com\/product\/yoast-seo-wordpress\/ -->\n<title>Returns - House of Otoko<\/title>\n<meta name=\"description\" content=\"House of Otoko\" \/>\n<meta name=\"robots\" content=\"index, follow, max-snippet:-1, max-image-preview:large, max-video-preview:-1\" \/>\n<link rel=\"canonical\" href=\"https:\/\/houseofotoko.com\/de\/returns\/\" \/>\n<meta property=\"og:locale\" content=\"de_DE\" \/>\n<meta property=\"og:type\" content=\"article\" \/>\n<meta property=\"og:title\" content=\"Returns - House of Otoko\" \/>\n<meta property=\"og:description\" content=\"House of Otoko\" \/>\n<meta property=\"og:url\" content=\"https:\/\/houseofotoko.com\/de\/returns\/\" \/>\n<meta property=\"og:site_name\" content=\"House of Otoko\" \/>\n<meta property=\"article:modified_time\" content=\"2026-01-06T14:57:55+00:00\" \/>\n<meta property=\"og:image\" content=\"https:\/\/houseofotoko.com\/wp-content\/uploads\/2026\/01\/czNmcy1wcml2YXRlL3Jhd3BpeGVsX2ltYWdlcy93ZWJzaXRlX2NvbnRlbnQvbHIvbG9jMjAxNzgxNTkxMi1pbWFnZS5qcGc.webp\" \/>\n\t<meta property=\"og:image:width\" content=\"1024\" \/>\n\t<meta property=\"og:image:height\" content=\"779\" \/>\n\t<meta property=\"og:image:type\" content=\"image\/webp\" \/>\n<meta name=\"twitter:card\" content=\"summary_large_image\" \/>\n<meta name=\"twitter:label1\" content=\"Gesch\u00e4tzte Lesezeit\" \/>\n\t<meta name=\"twitter:data1\" content=\"3\u00a0Minuten\" \/>\n<script type=\"application\/ld+json\" class=\"yoast-schema-graph\">{\"@context\":\"https:\\\/\\\/schema.org\",\"@graph\":[{\"@type\":\"WebPage\",\"@id\":\"https:\\\/\\\/houseofotoko.com\\\/returns\\\/\",\"url\":\"https:\\\/\\\/houseofotoko.com\\\/returns\\\/\",\"name\":\"Returns - House of Otoko\",\"isPartOf\":{\"@id\":\"https:\\\/\\\/houseofotoko.com\\\/#website\"},\"primaryImageOfPage\":{\"@id\":\"https:\\\/\\\/houseofotoko.com\\\/returns\\\/#primaryimage\"},\"image\":{\"@id\":\"https:\\\/\\\/houseofotoko.com\\\/returns\\\/#primaryimage\"},\"thumbnailUrl\":\"https:\\\/\\\/houseofotoko.com\\\/wp-content\\\/uploads\\\/2026\\\/01\\\/czNmcy1wcml2YXRlL3Jhd3BpeGVsX2ltYWdlcy93ZWJzaXRlX2NvbnRlbnQvbHIvbG9jMjAxNzgxNTkxMi1pbWFnZS5qcGc.webp\",\"datePublished\":\"2025-01-21T14:19:58+00:00\",\"dateModified\":\"2026-01-06T14:57:55+00:00\",\"description\":\"House of Otoko\",\"breadcrumb\":{\"@id\":\"https:\\\/\\\/houseofotoko.com\\\/returns\\\/#breadcrumb\"},\"inLanguage\":\"de\",\"potentialAction\":[{\"@type\":\"ReadAction\",\"target\":[\"https:\\\/\\\/houseofotoko.com\\\/returns\\\/\"]}]},{\"@type\":\"ImageObject\",\"inLanguage\":\"de\",\"@id\":\"https:\\\/\\\/houseofotoko.com\\\/returns\\\/#primaryimage\",\"url\":\"https:\\\/\\\/houseofotoko.com\\\/wp-content\\\/uploads\\\/2026\\\/01\\\/czNmcy1wcml2YXRlL3Jhd3BpeGVsX2ltYWdlcy93ZWJzaXRlX2NvbnRlbnQvbHIvbG9jMjAxNzgxNTkxMi1pbWFnZS5qcGc.webp\",\"contentUrl\":\"https:\\\/\\\/houseofotoko.com\\\/wp-content\\\/uploads\\\/2026\\\/01\\\/czNmcy1wcml2YXRlL3Jhd3BpeGVsX2ltYWdlcy93ZWJzaXRlX2NvbnRlbnQvbHIvbG9jMjAxNzgxNTkxMi1pbWFnZS5qcGc.webp\"},{\"@type\":\"BreadcrumbList\",\"@id\":\"https:\\\/\\\/houseofotoko.com\\\/returns\\\/#breadcrumb\",\"itemListElement\":[{\"@type\":\"ListItem\",\"position\":1,\"name\":\"Home\",\"item\":\"https:\\\/\\\/houseofotoko.com\\\/\"},{\"@type\":\"ListItem\",\"position\":2,\"name\":\"Returns\"}]},{\"@type\":\"WebSite\",\"@id\":\"https:\\\/\\\/houseofotoko.com\\\/#website\",\"url\":\"https:\\\/\\\/houseofotoko.com\\\/\",\"name\":\"House of Otoko\",\"description\":\"\",\"publisher\":{\"@id\":\"https:\\\/\\\/houseofotoko.com\\\/#organization\"},\"potentialAction\":[{\"@type\":\"SearchAction\",\"target\":{\"@type\":\"EntryPoint\",\"urlTemplate\":\"https:\\\/\\\/houseofotoko.com\\\/?s={search_term_string}\"},\"query-input\":{\"@type\":\"PropertyValueSpecification\",\"valueRequired\":true,\"valueName\":\"search_term_string\"}}],\"inLanguage\":\"de\"},{\"@type\":\"Organization\",\"@id\":\"https:\\\/\\\/houseofotoko.com\\\/#organization\",\"name\":\"House of Otoko\",\"url\":\"https:\\\/\\\/houseofotoko.com\\\/\",\"logo\":{\"@type\":\"ImageObject\",\"inLanguage\":\"de\",\"@id\":\"https:\\\/\\\/houseofotoko.com\\\/#\\\/schema\\\/logo\\\/image\\\/\",\"url\":\"https:\\\/\\\/mlfln9ez57ke.i.optimole.com\\\/w:1123\\\/h:1038\\\/q:mauto\\\/f:best\\\/ig:avif\\\/https:\\\/\\\/houseofotoko.com\\\/wp-content\\\/uploads\\\/2025\\\/01\\\/LOGO-PNG-1.png\",\"contentUrl\":\"https:\\\/\\\/mlfln9ez57ke.i.optimole.com\\\/w:1123\\\/h:1038\\\/q:mauto\\\/f:best\\\/ig:avif\\\/https:\\\/\\\/houseofotoko.com\\\/wp-content\\\/uploads\\\/2025\\\/01\\\/LOGO-PNG-1.png\",\"width\":1123,\"height\":1038,\"caption\":\"House of Otoko\"},\"image\":{\"@id\":\"https:\\\/\\\/houseofotoko.com\\\/#\\\/schema\\\/logo\\\/image\\\/\"},\"sameAs\":[\"https:\\\/\\\/www.instagram.com\\\/houseofotoko\\\/\"]}]}<\/script>\n<!-- \/ Yoast SEO plugin. -->","yoast_head_json":{"title":"Returns - House of Otoko","description":"House of Otoko","robots":{"index":"index","follow":"follow","max-snippet":"max-snippet:-1","max-image-preview":"max-image-preview:large","max-video-preview":"max-video-preview:-1"},"canonical":"https:\/\/houseofotoko.com\/de\/returns\/","og_locale":"de_DE","og_type":"article","og_title":"Returns - House of Otoko","og_description":"House of Otoko","og_url":"https:\/\/houseofotoko.com\/de\/returns\/","og_site_name":"House of Otoko","article_modified_time":"2026-01-06T14:57:55+00:00","og_image":[{"width":1024,"height":779,"url":"https:\/\/houseofotoko.com\/wp-content\/uploads\/2026\/01\/czNmcy1wcml2YXRlL3Jhd3BpeGVsX2ltYWdlcy93ZWJzaXRlX2NvbnRlbnQvbHIvbG9jMjAxNzgxNTkxMi1pbWFnZS5qcGc.webp","type":"image\/webp"}],"twitter_card":"summary_large_image","twitter_misc":{"Gesch\u00e4tzte Lesezeit":"3\u00a0Minuten"},"schema":{"@context":"https:\/\/schema.org","@graph":[{"@type":"WebPage","@id":"https:\/\/houseofotoko.com\/returns\/","url":"https:\/\/houseofotoko.com\/returns\/","name":"Returns - House of Otoko","isPartOf":{"@id":"https:\/\/houseofotoko.com\/#website"},"primaryImageOfPage":{"@id":"https:\/\/houseofotoko.com\/returns\/#primaryimage"},"image":{"@id":"https:\/\/houseofotoko.com\/returns\/#primaryimage"},"thumbnailUrl":"https:\/\/houseofotoko.com\/wp-content\/uploads\/2026\/01\/czNmcy1wcml2YXRlL3Jhd3BpeGVsX2ltYWdlcy93ZWJzaXRlX2NvbnRlbnQvbHIvbG9jMjAxNzgxNTkxMi1pbWFnZS5qcGc.webp","datePublished":"2025-01-21T14:19:58+00:00","dateModified":"2026-01-06T14:57:55+00:00","description":"House of Otoko","breadcrumb":{"@id":"https:\/\/houseofotoko.com\/returns\/#breadcrumb"},"inLanguage":"de","potentialAction":[{"@type":"ReadAction","target":["https:\/\/houseofotoko.com\/returns\/"]}]},{"@type":"ImageObject","inLanguage":"de","@id":"https:\/\/houseofotoko.com\/returns\/#primaryimage","url":"https:\/\/houseofotoko.com\/wp-content\/uploads\/2026\/01\/czNmcy1wcml2YXRlL3Jhd3BpeGVsX2ltYWdlcy93ZWJzaXRlX2NvbnRlbnQvbHIvbG9jMjAxNzgxNTkxMi1pbWFnZS5qcGc.webp","contentUrl":"https:\/\/houseofotoko.com\/wp-content\/uploads\/2026\/01\/czNmcy1wcml2YXRlL3Jhd3BpeGVsX2ltYWdlcy93ZWJzaXRlX2NvbnRlbnQvbHIvbG9jMjAxNzgxNTkxMi1pbWFnZS5qcGc.webp"},{"@type":"BreadcrumbList","@id":"https:\/\/houseofotoko.com\/returns\/#breadcrumb","itemListElement":[{"@type":"ListItem","position":1,"name":"Home","item":"https:\/\/houseofotoko.com\/"},{"@type":"ListItem","position":2,"name":"Returns"}]},{"@type":"WebSite","@id":"https:\/\/houseofotoko.com\/#website","url":"https:\/\/houseofotoko.com\/","name":"House of Otoko","description":"","publisher":{"@id":"https:\/\/houseofotoko.com\/#organization"},"potentialAction":[{"@type":"SearchAction","target":{"@type":"EntryPoint","urlTemplate":"https:\/\/houseofotoko.com\/?s={search_term_string}"},"query-input":{"@type":"PropertyValueSpecification","valueRequired":true,"valueName":"search_term_string"}}],"inLanguage":"de"},{"@type":"Organization","@id":"https:\/\/houseofotoko.com\/#organization","name":"House of Otoko","url":"https:\/\/houseofotoko.com\/","logo":{"@type":"ImageObject","inLanguage":"de","@id":"https:\/\/houseofotoko.com\/#\/schema\/logo\/image\/","url":"https:\/\/mlfln9ez57ke.i.optimole.com\/w:1123\/h:1038\/q:mauto\/f:best\/ig:avif\/https:\/\/houseofotoko.com\/wp-content\/uploads\/2025\/01\/LOGO-PNG-1.png","contentUrl":"https:\/\/mlfln9ez57ke.i.optimole.com\/w:1123\/h:1038\/q:mauto\/f:best\/ig:avif\/https:\/\/houseofotoko.com\/wp-content\/uploads\/2025\/01\/LOGO-PNG-1.png","width":1123,"height":1038,"caption":"House of Otoko"},"image":{"@id":"https:\/\/houseofotoko.com\/#\/schema\/logo\/image\/"},"sameAs":["https:\/\/www.instagram.com\/houseofotoko\/"]}]}},"_links":{"self":[{"href":"https:\/\/houseofotoko.com\/de\/wp-json\/wp\/v2\/pages\/17","targetHints":{"allow":["GET"]}}],"collection":[{"href":"https:\/\/houseofotoko.com\/de\/wp-json\/wp\/v2\/pages"}],"about":[{"href":"https:\/\/houseofotoko.com\/de\/wp-json\/wp\/v2\/types\/page"}],"author":[{"embeddable":true,"href":"https:\/\/houseofotoko.com\/de\/wp-json\/wp\/v2\/users\/1"}],"replies":[{"embeddable":true,"href":"https:\/\/houseofotoko.com\/de\/wp-json\/wp\/v2\/comments?post=17"}],"version-history":[{"count":10,"href":"https:\/\/houseofotoko.com\/de\/wp-json\/wp\/v2\/pages\/17\/revisions"}],"predecessor-version":[{"id":1425,"href":"https:\/\/houseofotoko.com\/de\/wp-json\/wp\/v2\/pages\/17\/revisions\/1425"}],"wp:attachment":[{"href":"https:\/\/houseofotoko.com\/de\/wp-json\/wp\/v2\/media?parent=17"}],"curies":[{"name":"wp","href":"https:\/\/api.w.org\/{rel}","templated":true}]}}