{"id":101,"date":"2025-01-18T13:03:15","date_gmt":"2025-01-18T13:03:15","guid":{"rendered":"https:\/\/houseofotoko.com\/diensten-pagina\/"},"modified":"2026-01-06T14:55:43","modified_gmt":"2026-01-06T14:55:43","slug":"shipment","status":"publish","type":"page","link":"https:\/\/houseofotoko.com\/de\/shipment\/","title":{"rendered":"Sendung"},"content":{"rendered":"<main class=\"wp-block-group\" style=\"margin-top:0;margin-bottom:0;padding-top:0;padding-right:0;padding-bottom:0;padding-left:0\"><div class=\"wp-block-group__inner-container is-layout-flow wp-block-group-is-layout-flow\">\n\n\n\n\n\n<\/div><\/main>\n\n\n\n<div class=\"wp-block-cover is-light\" style=\"min-height:350px;aspect-ratio:unset;\"><img loading=\"lazy\" decoding=\"async\" width=\"1024\" height=\"745\" class=\"wp-block-cover__image-background wp-image-1422 size-full\" alt=\"\" src=\"https:\/\/houseofotoko.com\/wp-content\/uploads\/2026\/01\/cHJpdmF0ZS9sci9pbWFnZXMvd2Vic2l0ZS8yMDIzLTAzL21vbnozMzE4OS1pbWFnZS5qcGc.webp\" data-object-fit=\"cover\" srcset=\"https:\/\/houseofotoko.com\/wp-content\/uploads\/2026\/01\/cHJpdmF0ZS9sci9pbWFnZXMvd2Vic2l0ZS8yMDIzLTAzL21vbnozMzE4OS1pbWFnZS5qcGc.webp 1024w, https:\/\/houseofotoko.com\/wp-content\/uploads\/2026\/01\/cHJpdmF0ZS9sci9pbWFnZXMvd2Vic2l0ZS8yMDIzLTAzL21vbnozMzE4OS1pbWFnZS5qcGc-300x218.webp 300w, https:\/\/houseofotoko.com\/wp-content\/uploads\/2026\/01\/cHJpdmF0ZS9sci9pbWFnZXMvd2Vic2l0ZS8yMDIzLTAzL21vbnozMzE4OS1pbWFnZS5qcGc-768x559.webp 768w, https:\/\/houseofotoko.com\/wp-content\/uploads\/2026\/01\/cHJpdmF0ZS9sci9pbWFnZXMvd2Vic2l0ZS8yMDIzLTAzL21vbnozMzE4OS1pbWFnZS5qcGc-16x12.webp 16w, https:\/\/houseofotoko.com\/wp-content\/uploads\/2026\/01\/cHJpdmF0ZS9sci9pbWFnZXMvd2Vic2l0ZS8yMDIzLTAzL21vbnozMzE4OS1pbWFnZS5qcGc-600x437.webp 600w\" sizes=\"auto, (max-width: 1024px) 100vw, 1024px\" \/><span aria-hidden=\"true\" class=\"wp-block-cover__background has-background-dim-30 has-background-dim\" style=\"background-color:#909090\"><\/span><div class=\"wp-block-cover__inner-container is-layout-flow wp-block-cover-is-layout-flow\">\n<p class=\"has-text-align-center has-nv-site-bg-color has-text-color has-link-color has-large-font-size wp-elements-4b63c72ecb0ac4526b8c5c1fb86e98f1\"><strong>Sendung<\/strong><\/p>\n<\/div><\/div>\n\n\n\n<div class=\"nv-cv-m wp-block-group alignwide\"><div class=\"wp-block-group__inner-container is-layout-constrained wp-block-group-is-layout-constrained\">\n<p><\/p>\n\n\n\n<p><strong>Lieferkosten und Lieferzeiten - House of Otoko<\/strong><\/p>\n\n\n\n<div style=\"height:30px\" aria-hidden=\"true\" class=\"wp-block-spacer\"><\/div>\n\n\n\n<p><strong>Kosten f\u00fcr den Versand<\/strong> <strong>Niederlande:<\/strong><\/p>\n\n\n\n<ul class=\"wp-block-list\">\n<li>Briefkastenpaket (mit Track &amp; Trace): \u20ac5.50<\/li>\n\n\n\n<li>Standardpaket (mit Track &amp; Trace): \u20ac7.50<\/li>\n\n\n\n<li>Abholung (nach Vereinbarung in Lopik): Kostenlos<\/li>\n<\/ul>\n\n\n\n<p><strong>Kosten f\u00fcr den Versand<\/strong> <strong>Belgien \/ Deutschland:<\/strong><\/p>\n\n\n\n<ul class=\"wp-block-list\">\n<li>Standard-Paket: 14,50 \u20ac.<\/li>\n<\/ul>\n\n\n\n<p><strong>Kosten f\u00fcr den Versand<\/strong> <strong>Region 1:<\/strong><br>Spanien \/ D\u00e4nemark \/ Frankreich \/ \u00d6sterreich \/ Italien \/ Luxemburg<\/p>\n\n\n\n<ul class=\"wp-block-list\">\n<li>Standard-Paket: 18,50 \u20ac.<\/li>\n<\/ul>\n\n\n\n<p><strong>Kosten f\u00fcr den Versand<\/strong> <strong>Region 2:<\/strong><br><s>Vereinigte Staaten<\/s> \/ Vereinigtes K\u00f6nigreich \/ Zypern \/ Schweden \/ Griechenland \/ Schweiz \/ Finnland \/ Malta \/ Polen \/ Ungarn \/ Slowakei \/ Slowenien \/ Tschechische Republik \/ Irland \/ Estland \/ Portugal \/ Lettland \/ Litauen<\/p>\n\n\n\n<ul class=\"wp-block-list\">\n<li>Standard-Paket: 25,00 \u20ac.<\/li>\n<\/ul>\n\n\n\n<p><strong>Kosten f\u00fcr den Versand<\/strong> <strong>den Rest der Welt:<\/strong><\/p>\n\n\n\n<ul class=\"wp-block-list\">\n<li>Standardpaket: auf Anfrage<\/li>\n<\/ul>\n\n\n\n<hr class=\"wp-block-separator has-alpha-channel-opacity\"\/>\n\n\n\n<p><strong>Bitte beachten:<\/strong><\/p>\n\n\n\n<ul class=\"wp-block-list\">\n<li>Wenn ein Paket nicht in einen Standard-Briefkasten passt, ist diese Versandoption beim Bezahlen nicht verf\u00fcgbar.<\/li>\n\n\n\n<li>Ein Versand in die USA ist aufgrund der Tarife nicht m\u00f6glich. <\/li>\n\n\n\n<li>Wir verwenden gro\u00dfe Sorgfalt darauf, die Produkte w\u00e4hrend des Versands zu sch\u00fctzen. Sollte trotz dieser Vorkehrungen ein Schaden auftreten, kontaktieren Sie uns bitte unter <strong><a>info@houseofotoko.com<\/a><\/strong>.<\/li>\n<\/ul>\n<\/div><\/div>\n\n\n\n<hr class=\"wp-block-separator alignwide has-alpha-channel-opacity\"\/>\n\n\n\n<div class=\"nv-cv-m wp-block-group alignwide\"><div class=\"wp-block-group__inner-container is-layout-constrained wp-block-group-is-layout-constrained\">\n<p><strong>Lieferzeiten<\/strong><\/p>\n\n\n\n<p><strong>Niederlande:<\/strong> 1-3 Arbeitstage<br><strong>Belgien \/ Deutschland:<\/strong> 5-7 Arbeitstage<br><strong>Spanien \/ D\u00e4nemark \/ Frankreich \/ \u00d6sterreich \/ Italien \/ Luxemburg:<\/strong> 5-10 Arbeitstage<\/p>\n\n\n\n<p>Wir bei House of Otoko wissen, wie wichtig es ist, Ihre Bestellung so schnell wie m\u00f6glich zu erhalten. Deshalb setzen wir uns f\u00fcr eine schnelle und effiziente Lieferung ein. Dar\u00fcber hinaus bem\u00fchen wir uns, einen Beitrag zur Nachhaltigkeit zu leisten, indem wir Sendungen konsolidieren und umweltfreundliche Verpackungsmaterialien und recycelte Kartons verwenden.<\/p>\n<\/div><\/div>\n\n\n\n<div style=\"height:42px\" aria-hidden=\"true\" class=\"wp-block-spacer\"><\/div>","protected":false},"excerpt":{"rendered":"<p>Shipping Costs and Delivery Times &#8211; House of Otoko Shipping costs Netherlands: Shipping costs Belgium \/ Germany: Shipping costs region 1:Spain \/ Denmark \/ France \/ Austria \/ Italy \/ Luxembourg Shipping costs region 2:United States \/ United Kingdom \/ Cyprus \/ Sweden \/ Greece \/ Switzerland \/ Finland \/ Malta \/ Poland \/ Hungary&hellip;&nbsp;<a href=\"https:\/\/houseofotoko.com\/de\/shipment\/\" rel=\"bookmark\">Weiterlesen \u00bb<span class=\"screen-reader-text\">Sendung<\/span><\/a><\/p>","protected":false},"author":1,"featured_media":0,"parent":0,"menu_order":0,"comment_status":"closed","ping_status":"closed","template":"","meta":{"neve_meta_sidebar":"full-width","neve_meta_container":"","neve_meta_enable_content_width":"","neve_meta_content_width":0,"neve_meta_title_alignment":"","neve_meta_author_avatar":"","neve_post_elements_order":"","neve_meta_disable_header":"","neve_meta_disable_footer":"","neve_meta_disable_title":"","neve_meta_reading_time":"","_themeisle_gutenberg_block_has_review":false,"footnotes":""},"class_list":["post-101","page","type-page","status-publish","hentry"],"yoast_head":"<!-- This site is optimized with the Yoast SEO plugin v27.4 - https:\/\/yoast.com\/product\/yoast-seo-wordpress\/ -->\n<title>Shipment - House of Otoko<\/title>\n<meta name=\"description\" content=\"House of Otoko\" \/>\n<meta name=\"robots\" content=\"index, follow, max-snippet:-1, max-image-preview:large, max-video-preview:-1\" \/>\n<link rel=\"canonical\" href=\"https:\/\/houseofotoko.com\/de\/shipment\/\" \/>\n<meta property=\"og:locale\" content=\"de_DE\" \/>\n<meta property=\"og:type\" content=\"article\" \/>\n<meta property=\"og:title\" content=\"Shipment - House of Otoko\" \/>\n<meta property=\"og:description\" content=\"House of Otoko\" \/>\n<meta property=\"og:url\" content=\"https:\/\/houseofotoko.com\/de\/shipment\/\" \/>\n<meta property=\"og:site_name\" content=\"House of Otoko\" \/>\n<meta property=\"article:modified_time\" content=\"2026-01-06T14:55:43+00:00\" \/>\n<meta property=\"og:image\" content=\"https:\/\/houseofotoko.com\/wp-content\/uploads\/2026\/01\/cHJpdmF0ZS9sci9pbWFnZXMvd2Vic2l0ZS8yMDIzLTAzL21vbnozMzE4OS1pbWFnZS5qcGc.webp\" \/>\n\t<meta property=\"og:image:width\" content=\"1024\" \/>\n\t<meta property=\"og:image:height\" content=\"745\" \/>\n\t<meta property=\"og:image:type\" content=\"image\/webp\" \/>\n<meta name=\"twitter:card\" content=\"summary_large_image\" \/>\n<meta name=\"twitter:label1\" content=\"Gesch\u00e4tzte Lesezeit\" \/>\n\t<meta name=\"twitter:data1\" content=\"2\u00a0Minuten\" \/>\n<script type=\"application\/ld+json\" class=\"yoast-schema-graph\">{\"@context\":\"https:\\\/\\\/schema.org\",\"@graph\":[{\"@type\":\"WebPage\",\"@id\":\"https:\\\/\\\/houseofotoko.com\\\/shipment\\\/\",\"url\":\"https:\\\/\\\/houseofotoko.com\\\/shipment\\\/\",\"name\":\"Shipment - House of Otoko\",\"isPartOf\":{\"@id\":\"https:\\\/\\\/houseofotoko.com\\\/#website\"},\"primaryImageOfPage\":{\"@id\":\"https:\\\/\\\/houseofotoko.com\\\/shipment\\\/#primaryimage\"},\"image\":{\"@id\":\"https:\\\/\\\/houseofotoko.com\\\/shipment\\\/#primaryimage\"},\"thumbnailUrl\":\"https:\\\/\\\/houseofotoko.com\\\/wp-content\\\/uploads\\\/2026\\\/01\\\/cHJpdmF0ZS9sci9pbWFnZXMvd2Vic2l0ZS8yMDIzLTAzL21vbnozMzE4OS1pbWFnZS5qcGc.webp\",\"datePublished\":\"2025-01-18T13:03:15+00:00\",\"dateModified\":\"2026-01-06T14:55:43+00:00\",\"description\":\"House of Otoko\",\"breadcrumb\":{\"@id\":\"https:\\\/\\\/houseofotoko.com\\\/shipment\\\/#breadcrumb\"},\"inLanguage\":\"de\",\"potentialAction\":[{\"@type\":\"ReadAction\",\"target\":[\"https:\\\/\\\/houseofotoko.com\\\/shipment\\\/\"]}]},{\"@type\":\"ImageObject\",\"inLanguage\":\"de\",\"@id\":\"https:\\\/\\\/houseofotoko.com\\\/shipment\\\/#primaryimage\",\"url\":\"https:\\\/\\\/houseofotoko.com\\\/wp-content\\\/uploads\\\/2026\\\/01\\\/cHJpdmF0ZS9sci9pbWFnZXMvd2Vic2l0ZS8yMDIzLTAzL21vbnozMzE4OS1pbWFnZS5qcGc.webp\",\"contentUrl\":\"https:\\\/\\\/houseofotoko.com\\\/wp-content\\\/uploads\\\/2026\\\/01\\\/cHJpdmF0ZS9sci9pbWFnZXMvd2Vic2l0ZS8yMDIzLTAzL21vbnozMzE4OS1pbWFnZS5qcGc.webp\"},{\"@type\":\"BreadcrumbList\",\"@id\":\"https:\\\/\\\/houseofotoko.com\\\/shipment\\\/#breadcrumb\",\"itemListElement\":[{\"@type\":\"ListItem\",\"position\":1,\"name\":\"Home\",\"item\":\"https:\\\/\\\/houseofotoko.com\\\/\"},{\"@type\":\"ListItem\",\"position\":2,\"name\":\"Shipment\"}]},{\"@type\":\"WebSite\",\"@id\":\"https:\\\/\\\/houseofotoko.com\\\/#website\",\"url\":\"https:\\\/\\\/houseofotoko.com\\\/\",\"name\":\"House of Otoko\",\"description\":\"\",\"publisher\":{\"@id\":\"https:\\\/\\\/houseofotoko.com\\\/#organization\"},\"potentialAction\":[{\"@type\":\"SearchAction\",\"target\":{\"@type\":\"EntryPoint\",\"urlTemplate\":\"https:\\\/\\\/houseofotoko.com\\\/?s={search_term_string}\"},\"query-input\":{\"@type\":\"PropertyValueSpecification\",\"valueRequired\":true,\"valueName\":\"search_term_string\"}}],\"inLanguage\":\"de\"},{\"@type\":\"Organization\",\"@id\":\"https:\\\/\\\/houseofotoko.com\\\/#organization\",\"name\":\"House of Otoko\",\"url\":\"https:\\\/\\\/houseofotoko.com\\\/\",\"logo\":{\"@type\":\"ImageObject\",\"inLanguage\":\"de\",\"@id\":\"https:\\\/\\\/houseofotoko.com\\\/#\\\/schema\\\/logo\\\/image\\\/\",\"url\":\"https:\\\/\\\/mlfln9ez57ke.i.optimole.com\\\/w:1123\\\/h:1038\\\/q:mauto\\\/f:best\\\/ig:avif\\\/https:\\\/\\\/houseofotoko.com\\\/wp-content\\\/uploads\\\/2025\\\/01\\\/LOGO-PNG-1.png\",\"contentUrl\":\"https:\\\/\\\/mlfln9ez57ke.i.optimole.com\\\/w:1123\\\/h:1038\\\/q:mauto\\\/f:best\\\/ig:avif\\\/https:\\\/\\\/houseofotoko.com\\\/wp-content\\\/uploads\\\/2025\\\/01\\\/LOGO-PNG-1.png\",\"width\":1123,\"height\":1038,\"caption\":\"House of Otoko\"},\"image\":{\"@id\":\"https:\\\/\\\/houseofotoko.com\\\/#\\\/schema\\\/logo\\\/image\\\/\"},\"sameAs\":[\"https:\\\/\\\/www.instagram.com\\\/houseofotoko\\\/\"]}]}<\/script>\n<!-- \/ Yoast SEO plugin. -->","yoast_head_json":{"title":"Shipment - House of Otoko","description":"House of Otoko","robots":{"index":"index","follow":"follow","max-snippet":"max-snippet:-1","max-image-preview":"max-image-preview:large","max-video-preview":"max-video-preview:-1"},"canonical":"https:\/\/houseofotoko.com\/de\/shipment\/","og_locale":"de_DE","og_type":"article","og_title":"Shipment - House of Otoko","og_description":"House of Otoko","og_url":"https:\/\/houseofotoko.com\/de\/shipment\/","og_site_name":"House of Otoko","article_modified_time":"2026-01-06T14:55:43+00:00","og_image":[{"width":1024,"height":745,"url":"https:\/\/houseofotoko.com\/wp-content\/uploads\/2026\/01\/cHJpdmF0ZS9sci9pbWFnZXMvd2Vic2l0ZS8yMDIzLTAzL21vbnozMzE4OS1pbWFnZS5qcGc.webp","type":"image\/webp"}],"twitter_card":"summary_large_image","twitter_misc":{"Gesch\u00e4tzte Lesezeit":"2\u00a0Minuten"},"schema":{"@context":"https:\/\/schema.org","@graph":[{"@type":"WebPage","@id":"https:\/\/houseofotoko.com\/shipment\/","url":"https:\/\/houseofotoko.com\/shipment\/","name":"Shipment - House of Otoko","isPartOf":{"@id":"https:\/\/houseofotoko.com\/#website"},"primaryImageOfPage":{"@id":"https:\/\/houseofotoko.com\/shipment\/#primaryimage"},"image":{"@id":"https:\/\/houseofotoko.com\/shipment\/#primaryimage"},"thumbnailUrl":"https:\/\/houseofotoko.com\/wp-content\/uploads\/2026\/01\/cHJpdmF0ZS9sci9pbWFnZXMvd2Vic2l0ZS8yMDIzLTAzL21vbnozMzE4OS1pbWFnZS5qcGc.webp","datePublished":"2025-01-18T13:03:15+00:00","dateModified":"2026-01-06T14:55:43+00:00","description":"House of Otoko","breadcrumb":{"@id":"https:\/\/houseofotoko.com\/shipment\/#breadcrumb"},"inLanguage":"de","potentialAction":[{"@type":"ReadAction","target":["https:\/\/houseofotoko.com\/shipment\/"]}]},{"@type":"ImageObject","inLanguage":"de","@id":"https:\/\/houseofotoko.com\/shipment\/#primaryimage","url":"https:\/\/houseofotoko.com\/wp-content\/uploads\/2026\/01\/cHJpdmF0ZS9sci9pbWFnZXMvd2Vic2l0ZS8yMDIzLTAzL21vbnozMzE4OS1pbWFnZS5qcGc.webp","contentUrl":"https:\/\/houseofotoko.com\/wp-content\/uploads\/2026\/01\/cHJpdmF0ZS9sci9pbWFnZXMvd2Vic2l0ZS8yMDIzLTAzL21vbnozMzE4OS1pbWFnZS5qcGc.webp"},{"@type":"BreadcrumbList","@id":"https:\/\/houseofotoko.com\/shipment\/#breadcrumb","itemListElement":[{"@type":"ListItem","position":1,"name":"Home","item":"https:\/\/houseofotoko.com\/"},{"@type":"ListItem","position":2,"name":"Shipment"}]},{"@type":"WebSite","@id":"https:\/\/houseofotoko.com\/#website","url":"https:\/\/houseofotoko.com\/","name":"House of Otoko","description":"","publisher":{"@id":"https:\/\/houseofotoko.com\/#organization"},"potentialAction":[{"@type":"SearchAction","target":{"@type":"EntryPoint","urlTemplate":"https:\/\/houseofotoko.com\/?s={search_term_string}"},"query-input":{"@type":"PropertyValueSpecification","valueRequired":true,"valueName":"search_term_string"}}],"inLanguage":"de"},{"@type":"Organization","@id":"https:\/\/houseofotoko.com\/#organization","name":"House of Otoko","url":"https:\/\/houseofotoko.com\/","logo":{"@type":"ImageObject","inLanguage":"de","@id":"https:\/\/houseofotoko.com\/#\/schema\/logo\/image\/","url":"https:\/\/mlfln9ez57ke.i.optimole.com\/w:1123\/h:1038\/q:mauto\/f:best\/ig:avif\/https:\/\/houseofotoko.com\/wp-content\/uploads\/2025\/01\/LOGO-PNG-1.png","contentUrl":"https:\/\/mlfln9ez57ke.i.optimole.com\/w:1123\/h:1038\/q:mauto\/f:best\/ig:avif\/https:\/\/houseofotoko.com\/wp-content\/uploads\/2025\/01\/LOGO-PNG-1.png","width":1123,"height":1038,"caption":"House of Otoko"},"image":{"@id":"https:\/\/houseofotoko.com\/#\/schema\/logo\/image\/"},"sameAs":["https:\/\/www.instagram.com\/houseofotoko\/"]}]}},"_links":{"self":[{"href":"https:\/\/houseofotoko.com\/de\/wp-json\/wp\/v2\/pages\/101","targetHints":{"allow":["GET"]}}],"collection":[{"href":"https:\/\/houseofotoko.com\/de\/wp-json\/wp\/v2\/pages"}],"about":[{"href":"https:\/\/houseofotoko.com\/de\/wp-json\/wp\/v2\/types\/page"}],"author":[{"embeddable":true,"href":"https:\/\/houseofotoko.com\/de\/wp-json\/wp\/v2\/users\/1"}],"replies":[{"embeddable":true,"href":"https:\/\/houseofotoko.com\/de\/wp-json\/wp\/v2\/comments?post=101"}],"version-history":[{"count":13,"href":"https:\/\/houseofotoko.com\/de\/wp-json\/wp\/v2\/pages\/101\/revisions"}],"predecessor-version":[{"id":1423,"href":"https:\/\/houseofotoko.com\/de\/wp-json\/wp\/v2\/pages\/101\/revisions\/1423"}],"wp:attachment":[{"href":"https:\/\/houseofotoko.com\/de\/wp-json\/wp\/v2\/media?parent=101"}],"curies":[{"name":"wp","href":"https:\/\/api.w.org\/{rel}","templated":true}]}}